{"id":282,"date":"2017-12-20T14:11:43","date_gmt":"2017-12-20T11:11:43","guid":{"rendered":"http:\/\/evrowatt.gr\/?page_id=282"},"modified":"2025-08-08T19:05:26","modified_gmt":"2025-08-08T16:05:26","slug":"282-2","status":"publish","type":"page","link":"https:\/\/evrowatt.gr\/?page_id=282&lang=de","title":{"rendered":"Startseite"},"content":{"rendered":"<div id=\"pl-282\"  class=\"panel-layout\" ><div id=\"pg-282-0\"  class=\"panel-grid panel-no-style\" ><div id=\"pgc-282-0-0\"  class=\"panel-grid-cell\" ><div id=\"panel-282-0-0-0\" class=\"so-panel widget widget_circleicon-widget panel-first-child panel-last-child\" data-index=\"0\" >\t\t<div class=\"circle-icon-box circle-icon-position-top circle-icon-hide-box circle-icon-size-small\">\n\t\t\t<div class=\"circle-icon-wrapper\">\n\t\t\t\t<a href=\"https:\/\/evrowatt.gr\/?page_id=272\" class=\"link-icon\" >\t\t\t\t<div class=\"circle-icon\" >\n\t\t\t\t\t<div class=\"fa fa-info-circle\" ><\/div>\t\t\t\t<\/div>\n\t\t\t\t<\/a>\t\t\t<\/div>\n\n\t\t\t<a href=\"https:\/\/evrowatt.gr\/?page_id=272\" class=\"link-title\" >\t\t\t<h4 >Wer wir sind<\/h4>\t\t\t<\/a>\n\t\t\t<p class=\"text\" >Ende des letzten Jahrhunderts wurde EVROWATT in Didimoticho gegr\u00fcndet. In einem Industriegebiet, das mit der Autobahn verbunden ist.<\/p>\t\t\t\t\t\t\t<a href=\"https:\/\/evrowatt.gr\/?page_id=272\" class=\"more-button\" >Profil <i><\/i><\/a>\n\t\t\t\t\t<\/div>\n\t\t<\/div><\/div><div id=\"pgc-282-0-1\"  class=\"panel-grid-cell\" ><div id=\"panel-282-0-1-0\" class=\"so-panel widget widget_circleicon-widget panel-first-child panel-last-child\" data-index=\"1\" >\t\t<div class=\"circle-icon-box circle-icon-position-top circle-icon-hide-box circle-icon-size-small\">\n\t\t\t<div class=\"circle-icon-wrapper\">\n\t\t\t\t<a href=\"https:\/\/evrowatt.gr\/?page_id=276\" class=\"link-icon\" >\t\t\t\t<div class=\"circle-icon\" >\n\t\t\t\t\t<div class=\"fa fa-cog\" ><\/div>\t\t\t\t<\/div>\n\t\t\t\t<\/a>\t\t\t<\/div>\n\n\t\t\t<a href=\"https:\/\/evrowatt.gr\/?page_id=276\" class=\"link-title\" >\t\t\t<h4 >Vollst\u00e4ndige Ausr\u00fcstung<\/h4>\t\t\t<\/a>\n\t\t\t<p class=\"text\" >Mit modernster Ausr\u00fcstung, wie eine kleine und zwei gro\u00dfen Doppelwickelmaschinen von MARSILLI und noch eine IW T-Maschine<\/p>\t\t\t\t\t\t\t<a href=\"https:\/\/evrowatt.gr\/?page_id=276\" class=\"more-button\" >Ausr\u00fcstung <i><\/i><\/a>\n\t\t\t\t\t<\/div>\n\t\t<\/div><\/div><div id=\"pgc-282-0-2\"  class=\"panel-grid-cell\" ><div id=\"panel-282-0-2-0\" class=\"so-panel widget widget_circleicon-widget panel-first-child panel-last-child\" data-index=\"2\" >\t\t<div class=\"circle-icon-box circle-icon-position-top circle-icon-hide-box circle-icon-size-small\">\n\t\t\t<div class=\"circle-icon-wrapper\">\n\t\t\t\t<a href=\"https:\/\/evrowatt.gr\/?page_id=274\" class=\"link-icon\" >\t\t\t\t<div class=\"circle-icon\" >\n\t\t\t\t\t<div class=\"fa fa-check-square\" ><\/div>\t\t\t\t<\/div>\n\t\t\t\t<\/a>\t\t\t<\/div>\n\n\t\t\t<a href=\"https:\/\/evrowatt.gr\/?page_id=274\" class=\"link-title\" >\t\t\t<h4 >Qualit\u00e4tsgarantie<\/h4>\t\t\t<\/a>\n\t\t\t<p class=\"text\" >Die Qualit\u00e4tskontrolle der Transformatoren EVROWATT erfolgt in allen Produktionsstadien unter strengsten Anforderungen.<\/p>\t\t\t\t\t\t\t<a href=\"https:\/\/evrowatt.gr\/?page_id=274\" class=\"more-button\" >Qualit\u00e4tskontrolle <i><\/i><\/a>\n\t\t\t\t\t<\/div>\n\t\t<\/div><\/div><\/div><div id=\"pg-282-1\"  class=\"panel-grid panel-has-style\" ><div class=\"wide-grey panel-row-style panel-row-style-for-282-1\" ><div id=\"pgc-282-1-0\"  class=\"panel-grid-cell\" ><div id=\"panel-282-1-0-0\" class=\"so-panel widget widget_headline-widget panel-first-child panel-last-child\" data-index=\"3\" >\t\t<h1>WARUM SIE UNS W\u00c4HLEN<\/h1>\n\t\t<div class=\"decoration\"><div class=\"decoration-inside\"><\/div><\/div>\n\t\t<h3>Qualit\u00e4tsgarantie | Liefertreue | Erschwingliche Preise | Telefonische Unterst\u00fctzung<\/h3>\n\t\t<\/div><\/div><\/div><\/div><div id=\"pg-282-2\"  class=\"panel-grid panel-no-style\" ><div id=\"pgc-282-2-0\"  class=\"panel-grid-cell\" ><div id=\"panel-282-2-0-0\" class=\"so-panel widget widget_woocommerce_products_carousel_all_in_one panel-first-child panel-last-child\" data-index=\"4\" ><div id=\"woocommerce-products-carousel-all-in-one-1182833413\" class=\"compact-theme woocommerce-products-carousel-all-in-one owl-carousel\"><div class=\"woocommerce-products-carousel-all-in-one-slide slides-4\"><div class=\"woocommerce-products-carousel-all-in-one-container\"><div class=\"woocommerce-products-carousel-all-in-one-image\"><a href=\"https:\/\/evrowatt.gr\/?product=%CE%BC%CE%B5%CF%84%CE%B1%CF%83%CF%87%CE%B7%CE%BC%CE%B1%CF%84%CE%B9%CF%83%CF%84%CE%AD%CF%82-%CE%B1%CE%BD%CE%B5%CE%BB%CE%BA%CF%85%CF%83%CF%84%CE%AE%CF%81%CF%89%CE%BD\" title=\"Show item \u039c\u03b5\u03c4\u03b1\u03c3\u03c7\u03b7\u03bc\u03b1\u03c4\u03b9\u03c3\u03c4\u03ad\u03c2 \u0391\u03bd\u03b5\u03bb\u03ba\u03c5\u03c3\u03c4\u03ae\u03c1\u03c9\u03bd\"><img decoding=\"async\" alt=\"\u039c\u03b5\u03c4\u03b1\u03c3\u03c7\u03b7\u03bc\u03b1\u03c4\u03b9\u03c3\u03c4\u03ad\u03c2 \u0391\u03bd\u03b5\u03bb\u03ba\u03c5\u03c3\u03c4\u03ae\u03c1\u03c9\u03bd\" style=\"max-width:100%;max-height:100%\" src=\"https:\/\/evrowatt.gr\/wp-content\/uploads\/2016\/10\/SKP8096-300x200.jpg\"><\/a><\/div><div class=\"woocommerce-products-carousel-all-in-one-details\"><h3 class=\"woocommerce-products-carousel-all-in-one-title\"><a href=\"https:\/\/evrowatt.gr\/?product=%CE%BC%CE%B5%CF%84%CE%B1%CF%83%CF%87%CE%B7%CE%BC%CE%B1%CF%84%CE%B9%CF%83%CF%84%CE%AD%CF%82-%CE%B1%CE%BD%CE%B5%CE%BB%CE%BA%CF%85%CF%83%CF%84%CE%AE%CF%81%CF%89%CE%BD\" title=\"\u039c\u03b5\u03c4\u03b1\u03c3\u03c7\u03b7\u03bc\u03b1\u03c4\u03b9\u03c3\u03c4\u03ad\u03c2 \u0391\u03bd\u03b5\u03bb\u03ba\u03c5\u03c3\u03c4\u03ae\u03c1\u03c9\u03bd\">\u039c\u03b5\u03c4\u03b1\u03c3\u03c7\u03b7\u03bc\u03b1\u03c4\u03b9\u03c3\u03c4\u03ad\u03c2 \u0391\u03bd\u03b5\u03bb\u03ba\u03c5\u03c3\u03c4\u03ae\u03c1\u03c9\u03bd<\/a><\/h3><div class=\"woocommerce-products-carousel-all-in-one-desc\"><\/div><p class=\"woocommerce-products-carousel-all-in-one-buttons\"><a href=\"https:\/\/evrowatt.gr\/?product=%CE%BC%CE%B5%CF%84%CE%B1%CF%83%CF%87%CE%B7%CE%BC%CE%B1%CF%84%CE%B9%CF%83%CF%84%CE%AD%CF%82-%CE%B1%CE%BD%CE%B5%CE%BB%CE%BA%CF%85%CF%83%CF%84%CE%AE%CF%81%CF%89%CE%BD\" class=\"woocommerce-products-carousel-all-in-one-more-button button\" title=\"Show item \u039c\u03b5\u03c4\u03b1\u03c3\u03c7\u03b7\u03bc\u03b1\u03c4\u03b9\u03c3\u03c4\u03ad\u03c2 \u0391\u03bd\u03b5\u03bb\u03ba\u03c5\u03c3\u03c4\u03ae\u03c1\u03c9\u03bd\">show item<\/a><\/p><\/div><\/div><\/div><div class=\"woocommerce-products-carousel-all-in-one-slide slides-4\"><div class=\"woocommerce-products-carousel-all-in-one-container\"><div class=\"woocommerce-products-carousel-all-in-one-image\"><a href=\"https:\/\/evrowatt.gr\/?product=%CE%BC%CE%B5%CF%84%CE%B1%CF%83%CF%87%CE%B7%CE%BC%CE%B1%CF%84%CE%B9%CF%83%CF%84%CE%AD%CF%82-%CE%B1%CE%BD%CE%BF%CE%B9%CF%87%CF%84%CE%BF%CF%8D-%CF%84%CF%8D%CF%80%CE%BF%CF%85\" title=\"Show item \u039c\u03b5\u03c4\u03b1\u03c3\u03c7\u03b7\u03bc\u03b1\u03c4\u03b9\u03c3\u03c4\u03ad\u03c2 \u0391\u03bd\u03bf\u03b9\u03c7\u03c4\u03bf\u03cd \u03a4\u03cd\u03c0\u03bf\u03c5\"><img decoding=\"async\" alt=\"\u039c\u03b5\u03c4\u03b1\u03c3\u03c7\u03b7\u03bc\u03b1\u03c4\u03b9\u03c3\u03c4\u03ad\u03c2 \u0391\u03bd\u03bf\u03b9\u03c7\u03c4\u03bf\u03cd \u03a4\u03cd\u03c0\u03bf\u03c5\" style=\"max-width:100%;max-height:100%\" src=\"https:\/\/evrowatt.gr\/wp-content\/uploads\/2016\/10\/SKP8084-300x200.jpg\"><\/a><\/div><div class=\"woocommerce-products-carousel-all-in-one-details\"><h3 class=\"woocommerce-products-carousel-all-in-one-title\"><a href=\"https:\/\/evrowatt.gr\/?product=%CE%BC%CE%B5%CF%84%CE%B1%CF%83%CF%87%CE%B7%CE%BC%CE%B1%CF%84%CE%B9%CF%83%CF%84%CE%AD%CF%82-%CE%B1%CE%BD%CE%BF%CE%B9%CF%87%CF%84%CE%BF%CF%8D-%CF%84%CF%8D%CF%80%CE%BF%CF%85\" title=\"\u039c\u03b5\u03c4\u03b1\u03c3\u03c7\u03b7\u03bc\u03b1\u03c4\u03b9\u03c3\u03c4\u03ad\u03c2 \u0391\u03bd\u03bf\u03b9\u03c7\u03c4\u03bf\u03cd \u03a4\u03cd\u03c0\u03bf\u03c5\">\u039c\u03b5\u03c4\u03b1\u03c3\u03c7\u03b7\u03bc\u03b1\u03c4\u03b9\u03c3\u03c4\u03ad\u03c2 \u0391\u03bd\u03bf\u03b9\u03c7\u03c4\u03bf\u03cd \u03a4\u03cd\u03c0\u03bf\u03c5<\/a><\/h3><div class=\"woocommerce-products-carousel-all-in-one-desc\"><\/div><p class=\"woocommerce-products-carousel-all-in-one-buttons\"><a href=\"https:\/\/evrowatt.gr\/?product=%CE%BC%CE%B5%CF%84%CE%B1%CF%83%CF%87%CE%B7%CE%BC%CE%B1%CF%84%CE%B9%CF%83%CF%84%CE%AD%CF%82-%CE%B1%CE%BD%CE%BF%CE%B9%CF%87%CF%84%CE%BF%CF%8D-%CF%84%CF%8D%CF%80%CE%BF%CF%85\" class=\"woocommerce-products-carousel-all-in-one-more-button button\" title=\"Show item \u039c\u03b5\u03c4\u03b1\u03c3\u03c7\u03b7\u03bc\u03b1\u03c4\u03b9\u03c3\u03c4\u03ad\u03c2 \u0391\u03bd\u03bf\u03b9\u03c7\u03c4\u03bf\u03cd \u03a4\u03cd\u03c0\u03bf\u03c5\">show item<\/a><\/p><\/div><\/div><\/div><div class=\"woocommerce-products-carousel-all-in-one-slide slides-4\"><div class=\"woocommerce-products-carousel-all-in-one-container\"><div class=\"woocommerce-products-carousel-all-in-one-image\"><a href=\"https:\/\/evrowatt.gr\/?product=%CE%BC%CE%B5%CF%84%CE%B1%CF%83%CF%87%CE%B7%CE%BC%CE%B1%CF%84%CE%B9%CF%83%CF%84%CE%AD%CF%82-%CE%BA%CE%BB%CE%B5%CE%B9%CF%83%CF%84%CE%BF%CF%8D-%CF%84%CF%8D%CF%80%CE%BF%CF%85\" title=\"Show item \u039c\u03b5\u03c4\u03b1\u03c3\u03c7\u03b7\u03bc\u03b1\u03c4\u03b9\u03c3\u03c4\u03ad\u03c2 \u039a\u03bb\u03b5\u03b9\u03c3\u03c4\u03bf\u03cd \u03a4\u03cd\u03c0\u03bf\u03c5\"><img decoding=\"async\" alt=\"\u039c\u03b5\u03c4\u03b1\u03c3\u03c7\u03b7\u03bc\u03b1\u03c4\u03b9\u03c3\u03c4\u03ad\u03c2 \u039a\u03bb\u03b5\u03b9\u03c3\u03c4\u03bf\u03cd \u03a4\u03cd\u03c0\u03bf\u03c5\" style=\"max-width:100%;max-height:100%\" src=\"https:\/\/evrowatt.gr\/wp-content\/uploads\/2016\/10\/SKP8106-Copy-300x200.jpg\"><\/a><\/div><div class=\"woocommerce-products-carousel-all-in-one-details\"><h3 class=\"woocommerce-products-carousel-all-in-one-title\"><a href=\"https:\/\/evrowatt.gr\/?product=%CE%BC%CE%B5%CF%84%CE%B1%CF%83%CF%87%CE%B7%CE%BC%CE%B1%CF%84%CE%B9%CF%83%CF%84%CE%AD%CF%82-%CE%BA%CE%BB%CE%B5%CE%B9%CF%83%CF%84%CE%BF%CF%8D-%CF%84%CF%8D%CF%80%CE%BF%CF%85\" title=\"\u039c\u03b5\u03c4\u03b1\u03c3\u03c7\u03b7\u03bc\u03b1\u03c4\u03b9\u03c3\u03c4\u03ad\u03c2 \u039a\u03bb\u03b5\u03b9\u03c3\u03c4\u03bf\u03cd \u03a4\u03cd\u03c0\u03bf\u03c5\">\u039c\u03b5\u03c4\u03b1\u03c3\u03c7\u03b7\u03bc\u03b1\u03c4\u03b9\u03c3\u03c4\u03ad\u03c2 \u039a\u03bb\u03b5\u03b9\u03c3\u03c4\u03bf\u03cd \u03a4\u03cd\u03c0\u03bf\u03c5<\/a><\/h3><div class=\"woocommerce-products-carousel-all-in-one-desc\"><\/div><p class=\"woocommerce-products-carousel-all-in-one-buttons\"><a href=\"https:\/\/evrowatt.gr\/?product=%CE%BC%CE%B5%CF%84%CE%B1%CF%83%CF%87%CE%B7%CE%BC%CE%B1%CF%84%CE%B9%CF%83%CF%84%CE%AD%CF%82-%CE%BA%CE%BB%CE%B5%CE%B9%CF%83%CF%84%CE%BF%CF%8D-%CF%84%CF%8D%CF%80%CE%BF%CF%85\" class=\"woocommerce-products-carousel-all-in-one-more-button button\" title=\"Show item \u039c\u03b5\u03c4\u03b1\u03c3\u03c7\u03b7\u03bc\u03b1\u03c4\u03b9\u03c3\u03c4\u03ad\u03c2 \u039a\u03bb\u03b5\u03b9\u03c3\u03c4\u03bf\u03cd \u03a4\u03cd\u03c0\u03bf\u03c5\">show item<\/a><\/p><\/div><\/div><\/div><div class=\"woocommerce-products-carousel-all-in-one-slide slides-4\"><div class=\"woocommerce-products-carousel-all-in-one-container\"><div class=\"woocommerce-products-carousel-all-in-one-image\"><a href=\"https:\/\/evrowatt.gr\/?product=%CF%84%CF%81%CE%BF%CF%86%CE%BF%CE%B4%CE%BF%CF%84%CE%B9%CE%BA%CE%AC\" title=\"Show item \u03a4\u03c1\u03bf\u03c6\u03bf\u03b4\u03bf\u03c4\u03b9\u03ba\u03ac\"><img decoding=\"async\" alt=\"\u03a4\u03c1\u03bf\u03c6\u03bf\u03b4\u03bf\u03c4\u03b9\u03ba\u03ac\" style=\"max-width:100%;max-height:100%\" src=\"https:\/\/evrowatt.gr\/wp-content\/uploads\/2016\/10\/SKP8117-300x200.jpg\"><\/a><\/div><div class=\"woocommerce-products-carousel-all-in-one-details\"><h3 class=\"woocommerce-products-carousel-all-in-one-title\"><a href=\"https:\/\/evrowatt.gr\/?product=%CF%84%CF%81%CE%BF%CF%86%CE%BF%CE%B4%CE%BF%CF%84%CE%B9%CE%BA%CE%AC\" title=\"\u03a4\u03c1\u03bf\u03c6\u03bf\u03b4\u03bf\u03c4\u03b9\u03ba\u03ac\">\u03a4\u03c1\u03bf\u03c6\u03bf\u03b4\u03bf\u03c4\u03b9\u03ba\u03ac<\/a><\/h3><div class=\"woocommerce-products-carousel-all-in-one-desc\"><\/div><p class=\"woocommerce-products-carousel-all-in-one-buttons\"><a href=\"https:\/\/evrowatt.gr\/?product=%CF%84%CF%81%CE%BF%CF%86%CE%BF%CE%B4%CE%BF%CF%84%CE%B9%CE%BA%CE%AC\" class=\"woocommerce-products-carousel-all-in-one-more-button button\" title=\"Show item \u03a4\u03c1\u03bf\u03c6\u03bf\u03b4\u03bf\u03c4\u03b9\u03ba\u03ac\">show item<\/a><\/p><\/div><\/div><\/div><div class=\"woocommerce-products-carousel-all-in-one-slide slides-4\"><div class=\"woocommerce-products-carousel-all-in-one-container\"><div class=\"woocommerce-products-carousel-all-in-one-image\"><a href=\"https:\/\/evrowatt.gr\/?product=%CE%BC%CE%B5%CF%84%CE%B1%CF%83%CF%87%CE%B7%CE%BC%CE%B1%CF%84%CE%B9%CF%83%CF%84%CE%AD%CF%82-%CF%86%CF%89%CF%84%CE%B9%CF%83%CE%BC%CE%BF%CF%8D-%CF%80%CE%B9%CF%83%CE%AF%CE%BD%CE%B1%CF%82\" title=\"Show item \u039c\u03b5\u03c4\u03b1\u03c3\u03c7\u03b7\u03bc\u03b1\u03c4\u03b9\u03c3\u03c4\u03ad\u03c2 \u03a6\u03c9\u03c4\u03b9\u03c3\u03bc\u03bf\u03cd \u03a0\u03b9\u03c3\u03af\u03bd\u03b1\u03c2\"><img decoding=\"async\" alt=\"\u039c\u03b5\u03c4\u03b1\u03c3\u03c7\u03b7\u03bc\u03b1\u03c4\u03b9\u03c3\u03c4\u03ad\u03c2 \u03a6\u03c9\u03c4\u03b9\u03c3\u03bc\u03bf\u03cd \u03a0\u03b9\u03c3\u03af\u03bd\u03b1\u03c2\" style=\"max-width:100%;max-height:100%\" src=\"https:\/\/evrowatt.gr\/wp-content\/uploads\/2016\/10\/SKP8089-300x200.jpg\"><\/a><\/div><div class=\"woocommerce-products-carousel-all-in-one-details\"><h3 class=\"woocommerce-products-carousel-all-in-one-title\"><a href=\"https:\/\/evrowatt.gr\/?product=%CE%BC%CE%B5%CF%84%CE%B1%CF%83%CF%87%CE%B7%CE%BC%CE%B1%CF%84%CE%B9%CF%83%CF%84%CE%AD%CF%82-%CF%86%CF%89%CF%84%CE%B9%CF%83%CE%BC%CE%BF%CF%8D-%CF%80%CE%B9%CF%83%CE%AF%CE%BD%CE%B1%CF%82\" title=\"\u039c\u03b5\u03c4\u03b1\u03c3\u03c7\u03b7\u03bc\u03b1\u03c4\u03b9\u03c3\u03c4\u03ad\u03c2 \u03a6\u03c9\u03c4\u03b9\u03c3\u03bc\u03bf\u03cd \u03a0\u03b9\u03c3\u03af\u03bd\u03b1\u03c2\">\u039c\u03b5\u03c4\u03b1\u03c3\u03c7\u03b7\u03bc\u03b1\u03c4\u03b9\u03c3\u03c4\u03ad\u03c2 \u03a6\u03c9\u03c4\u03b9\u03c3\u03bc\u03bf\u03cd \u03a0\u03b9\u03c3\u03af\u03bd\u03b1\u03c2<\/a><\/h3><div class=\"woocommerce-products-carousel-all-in-one-desc\"><\/div><p class=\"woocommerce-products-carousel-all-in-one-buttons\"><a href=\"https:\/\/evrowatt.gr\/?product=%CE%BC%CE%B5%CF%84%CE%B1%CF%83%CF%87%CE%B7%CE%BC%CE%B1%CF%84%CE%B9%CF%83%CF%84%CE%AD%CF%82-%CF%86%CF%89%CF%84%CE%B9%CF%83%CE%BC%CE%BF%CF%8D-%CF%80%CE%B9%CF%83%CE%AF%CE%BD%CE%B1%CF%82\" class=\"woocommerce-products-carousel-all-in-one-more-button button\" title=\"Show item \u039c\u03b5\u03c4\u03b1\u03c3\u03c7\u03b7\u03bc\u03b1\u03c4\u03b9\u03c3\u03c4\u03ad\u03c2 \u03a6\u03c9\u03c4\u03b9\u03c3\u03bc\u03bf\u03cd \u03a0\u03b9\u03c3\u03af\u03bd\u03b1\u03c2\">show item<\/a><\/p><\/div><\/div><\/div><div class=\"woocommerce-products-carousel-all-in-one-slide slides-4\"><div class=\"woocommerce-products-carousel-all-in-one-container\"><div class=\"woocommerce-products-carousel-all-in-one-image\"><a href=\"https:\/\/evrowatt.gr\/?product=%CE%B1%CF%85%CF%84%CE%BF%CE%BC%CE%B5%CF%84%CE%B1%CF%83%CF%87%CE%B7%CE%BC%CE%B1%CF%84%CE%B9%CF%83%CF%84%CE%AD%CF%82\" title=\"Show item \u0391\u03c5\u03c4\u03bf\u03bc\u03b5\u03c4\u03b1\u03c3\u03c7\u03b7\u03bc\u03b1\u03c4\u03b9\u03c3\u03c4\u03ad\u03c2\"><img decoding=\"async\" alt=\"\u0391\u03c5\u03c4\u03bf\u03bc\u03b5\u03c4\u03b1\u03c3\u03c7\u03b7\u03bc\u03b1\u03c4\u03b9\u03c3\u03c4\u03ad\u03c2\" style=\"max-width:100%;max-height:100%\" src=\"https:\/\/evrowatt.gr\/wp-content\/uploads\/2016\/10\/SKP8112-300x200.jpg\"><\/a><\/div><div class=\"woocommerce-products-carousel-all-in-one-details\"><h3 class=\"woocommerce-products-carousel-all-in-one-title\"><a href=\"https:\/\/evrowatt.gr\/?product=%CE%B1%CF%85%CF%84%CE%BF%CE%BC%CE%B5%CF%84%CE%B1%CF%83%CF%87%CE%B7%CE%BC%CE%B1%CF%84%CE%B9%CF%83%CF%84%CE%AD%CF%82\" title=\"\u0391\u03c5\u03c4\u03bf\u03bc\u03b5\u03c4\u03b1\u03c3\u03c7\u03b7\u03bc\u03b1\u03c4\u03b9\u03c3\u03c4\u03ad\u03c2\">\u0391\u03c5\u03c4\u03bf\u03bc\u03b5\u03c4\u03b1\u03c3\u03c7\u03b7\u03bc\u03b1\u03c4\u03b9\u03c3\u03c4\u03ad\u03c2<\/a><\/h3><div class=\"woocommerce-products-carousel-all-in-one-desc\"><\/div><p class=\"woocommerce-products-carousel-all-in-one-buttons\"><a href=\"https:\/\/evrowatt.gr\/?product=%CE%B1%CF%85%CF%84%CE%BF%CE%BC%CE%B5%CF%84%CE%B1%CF%83%CF%87%CE%B7%CE%BC%CE%B1%CF%84%CE%B9%CF%83%CF%84%CE%AD%CF%82\" class=\"woocommerce-products-carousel-all-in-one-more-button button\" title=\"Show item \u0391\u03c5\u03c4\u03bf\u03bc\u03b5\u03c4\u03b1\u03c3\u03c7\u03b7\u03bc\u03b1\u03c4\u03b9\u03c3\u03c4\u03ad\u03c2\">show item<\/a><\/p><\/div><\/div><\/div><div class=\"woocommerce-products-carousel-all-in-one-slide slides-4\"><div class=\"woocommerce-products-carousel-all-in-one-container\"><div class=\"woocommerce-products-carousel-all-in-one-image\"><a href=\"https:\/\/evrowatt.gr\/?product=autotransformers&#038;lang=en\" title=\"Show item Autotransformers\"><img decoding=\"async\" alt=\"Autotransformers\" style=\"max-width:100%;max-height:100%\" src=\"https:\/\/evrowatt.gr\/wp-content\/uploads\/2016\/10\/SKP8112-300x200.jpg\"><\/a><\/div><div class=\"woocommerce-products-carousel-all-in-one-details\"><h3 class=\"woocommerce-products-carousel-all-in-one-title\"><a href=\"https:\/\/evrowatt.gr\/?product=autotransformers&#038;lang=en\" title=\"Autotransformers\">Autotransformers<\/a><\/h3><div class=\"woocommerce-products-carousel-all-in-one-desc\"><\/div><p class=\"woocommerce-products-carousel-all-in-one-buttons\"><a href=\"https:\/\/evrowatt.gr\/?product=autotransformers&#038;lang=en\" class=\"woocommerce-products-carousel-all-in-one-more-button button\" title=\"Show item Autotransformers\">show item<\/a><\/p><\/div><\/div><\/div><div class=\"woocommerce-products-carousel-all-in-one-slide slides-4\"><div class=\"woocommerce-products-carousel-all-in-one-container\"><div class=\"woocommerce-products-carousel-all-in-one-image\"><a href=\"https:\/\/evrowatt.gr\/?product=lifts-transformers&#038;lang=en\" title=\"Show item Lifts Transformers\"><img decoding=\"async\" alt=\"Lifts Transformers\" style=\"max-width:100%;max-height:100%\" src=\"https:\/\/evrowatt.gr\/wp-content\/uploads\/2016\/10\/SKP8096-300x200.jpg\"><\/a><\/div><div class=\"woocommerce-products-carousel-all-in-one-details\"><h3 class=\"woocommerce-products-carousel-all-in-one-title\"><a href=\"https:\/\/evrowatt.gr\/?product=lifts-transformers&#038;lang=en\" title=\"Lifts Transformers\">Lifts Transformers<\/a><\/h3><div class=\"woocommerce-products-carousel-all-in-one-desc\"><\/div><p class=\"woocommerce-products-carousel-all-in-one-buttons\"><a href=\"https:\/\/evrowatt.gr\/?product=lifts-transformers&#038;lang=en\" class=\"woocommerce-products-carousel-all-in-one-more-button button\" title=\"Show item Lifts Transformers\">show item<\/a><\/p><\/div><\/div><\/div><div class=\"woocommerce-products-carousel-all-in-one-slide slides-4\"><div class=\"woocommerce-products-carousel-all-in-one-container\"><div class=\"woocommerce-products-carousel-all-in-one-image\"><a href=\"https:\/\/evrowatt.gr\/?product=open-type-transformers&#038;lang=en\" title=\"Show item Open type transformers\"><img decoding=\"async\" alt=\"Open type transformers\" style=\"max-width:100%;max-height:100%\" src=\"https:\/\/evrowatt.gr\/wp-content\/uploads\/2016\/10\/SKP8084-300x200.jpg\"><\/a><\/div><div class=\"woocommerce-products-carousel-all-in-one-details\"><h3 class=\"woocommerce-products-carousel-all-in-one-title\"><a href=\"https:\/\/evrowatt.gr\/?product=open-type-transformers&#038;lang=en\" title=\"Open type transformers\">Open type transformers<\/a><\/h3><div class=\"woocommerce-products-carousel-all-in-one-desc\"><\/div><p class=\"woocommerce-products-carousel-all-in-one-buttons\"><a href=\"https:\/\/evrowatt.gr\/?product=open-type-transformers&#038;lang=en\" class=\"woocommerce-products-carousel-all-in-one-more-button button\" title=\"Show item Open type transformers\">show item<\/a><\/p><\/div><\/div><\/div><div class=\"woocommerce-products-carousel-all-in-one-slide slides-4\"><div class=\"woocommerce-products-carousel-all-in-one-container\"><div class=\"woocommerce-products-carousel-all-in-one-image\"><a href=\"https:\/\/evrowatt.gr\/?product=closed-type-transformers&#038;lang=en\" title=\"Show item Closed type transformers\"><img decoding=\"async\" alt=\"Closed type transformers\" style=\"max-width:100%;max-height:100%\" src=\"https:\/\/evrowatt.gr\/wp-content\/uploads\/2016\/10\/SKP8106-Copy-300x200.jpg\"><\/a><\/div><div class=\"woocommerce-products-carousel-all-in-one-details\"><h3 class=\"woocommerce-products-carousel-all-in-one-title\"><a href=\"https:\/\/evrowatt.gr\/?product=closed-type-transformers&#038;lang=en\" title=\"Closed type transformers\">Closed type transformers<\/a><\/h3><div class=\"woocommerce-products-carousel-all-in-one-desc\"><\/div><p class=\"woocommerce-products-carousel-all-in-one-buttons\"><a href=\"https:\/\/evrowatt.gr\/?product=closed-type-transformers&#038;lang=en\" class=\"woocommerce-products-carousel-all-in-one-more-button button\" title=\"Show item Closed type transformers\">show item<\/a><\/p><\/div><\/div><\/div><\/div><script type=\"text\/javascript\">\n                    jQuery(window).load(function(e) {\n                        var wooCommerceCarousel1182833413 = jQuery(\"#woocommerce-products-carousel-all-in-one-1182833413\");\n                        wooCommerceCarousel1182833413 .owlCarousel({\n                            loop: true,\n                            nav: true,\n                            navSpeed: 800,\n                            dots: true,\n                            dotsSpeed: 800,\n                            lazyLoad: false,\n                            autoplay: true,\n                            autoplayHoverPause: true,\n                            autoplayTimeout: 1200,\n                            autoplaySpeed:  800,\n                            margin: 5,\n                            stagePadding: 0,\n                            freeDrag: false,\n                            mouseDrag: true,\n                            touchDrag: true,\n                            slideBy: 1,\n                            fallbackEasing: \"linear\",\n                            responsiveClass: true,\n                            navText: [ \"previous product\", \"next product\" ],\n                            responsive:{\n                                0:{\n                                    items: 1,\n                                },\n                                600:{\n                                    items: 2,\n\n                                },\n                                1000:{\n                                    items: 4\n                                }\n                            },\n                            autoWidth: false,\n                            autoHeight: true\n                        });\n                        wooCommerceCarousel1182833413 .on(\"mousewheel\", \".owl-stage\", function(e) {\n                if (e.deltaY > 0) {\n                    wooCommerceCarousel1182833413 .trigger(\"next.owl\");\n                } else {\n                    wooCommerceCarousel1182833413 .trigger(\"prev.owl\");\n                }\n                e.preventDefault();\n            });\n                    });\n                <\/script><\/div><\/div><\/div><\/div>","protected":false},"excerpt":{"rendered":"<p>&nbsp; Wer wir sind Ende des letzten Jahrhunderts wurde EVROWATT in Didimoticho gegr\u00fcndet. In einem Industriegebiet, das mit der Autobahn verbunden ist. Profil Vollst\u00e4ndige Ausr\u00fcstung Mit modernster Ausr\u00fcstung, wie eine kleine und zwei gro\u00dfen Doppelwickelmaschinen von MARSILLI und noch eine IW T-Maschine Ausr\u00fcstung Qualit\u00e4tsgarantie Die Qualit\u00e4tskontrolle der Transformatoren EVROWATT erfolgt in allen Produktionsstadien unter strengsten [&hellip;]<\/p>\n","protected":false},"author":1,"featured_media":0,"parent":0,"menu_order":0,"comment_status":"closed","ping_status":"closed","template":"home-panels.php","meta":{"jetpack_post_was_ever_published":false,"footnotes":""},"class_list":["post-282","page","type-page","status-publish","hentry","post","post-with-thumbnail","post-with-thumbnail-large"],"jetpack_sharing_enabled":true,"jetpack_shortlink":"https:\/\/wp.me\/P7ZTF7-4y","_links":{"self":[{"href":"https:\/\/evrowatt.gr\/index.php?rest_route=\/wp\/v2\/pages\/282","targetHints":{"allow":["GET"]}}],"collection":[{"href":"https:\/\/evrowatt.gr\/index.php?rest_route=\/wp\/v2\/pages"}],"about":[{"href":"https:\/\/evrowatt.gr\/index.php?rest_route=\/wp\/v2\/types\/page"}],"author":[{"embeddable":true,"href":"https:\/\/evrowatt.gr\/index.php?rest_route=\/wp\/v2\/users\/1"}],"replies":[{"embeddable":true,"href":"https:\/\/evrowatt.gr\/index.php?rest_route=%2Fwp%2Fv2%2Fcomments&post=282"}],"version-history":[{"count":4,"href":"https:\/\/evrowatt.gr\/index.php?rest_route=\/wp\/v2\/pages\/282\/revisions"}],"predecessor-version":[{"id":1026,"href":"https:\/\/evrowatt.gr\/index.php?rest_route=\/wp\/v2\/pages\/282\/revisions\/1026"}],"wp:attachment":[{"href":"https:\/\/evrowatt.gr\/index.php?rest_route=%2Fwp%2Fv2%2Fmedia&parent=282"}],"curies":[{"name":"wp","href":"https:\/\/api.w.org\/{rel}","templated":true}]}}